{"id":12749,"date":"2024-07-03T07:26:09","date_gmt":"2024-07-03T05:26:09","guid":{"rendered":"https:\/\/thesant.com\/?post_type=product&#038;p=12749"},"modified":"2025-07-01T20:50:07","modified_gmt":"2025-07-01T18:50:07","slug":"himitsu-bako","status":"publish","type":"product","link":"https:\/\/thesant.com\/en\/product\/himitsu-bako\/","title":{"rendered":"HIMITSU BAKO &#8211; AQUA"},"content":{"rendered":"<p>Bolso Artesanal HIMITSU BAKO &#8211; Aqua<\/p>\n<p><strong>Altura:<\/strong> 13cm<br \/>\n<strong>Ancho:<\/strong> 23cm<br \/>\n<strong>Profundidad:<\/strong> 5cm<\/p>\n<p>100% cuero italiano, interior de lino y accesorios dorados<\/p>\n<p>Las <a href=\"https:\/\/thesant.com\/tienda\/\">bolsas<\/a> de <a href=\"https:\/\/www.instagram.com\/thesantofficial\/\">THE SANT<\/a> est\u00e1n hechas a mano en Espa\u00f1a, garantizando una cadena \u00e9tica a lo largo del proceso de producci\u00f3n y distribuci\u00f3n.<br \/>\nNuestra piel cumple con la normativa europea (REACH).<\/p>\n","protected":false},"excerpt":{"rendered":"<p>La versi\u00f3n peque\u00f1a de BAKO, este bolso minimalista refleja el esp\u00edritu de las tradicionales cajas secretas japonesas.<br \/>\nEl marco acolchado distintivo de THE SANT como cierre, juega con dos planos superpuestos para lograr un enfoque arquitect\u00f3nico.<br \/>\nCon dos cierres magn\u00e9ticos, se puede llevar sobre el hombro con la cadena extra\u00edble o cruzado con la correa larga de cuero.<\/p>\n<p>\u00bfCaben todos tus secretos en \u00e9l?<\/p>\n","protected":false},"featured_media":12751,"template":"","meta":[],"product_brand":[],"product_cat":[83],"product_tag":[],"class_list":{"0":"post-12749","1":"product","2":"type-product","3":"status-publish","4":"has-post-thumbnail","6":"product_cat-archive-sale","8":"first","9":"instock","10":"sale","11":"purchasable","12":"product-type-simple"},"yoast_head":"<!-- This site is optimized with the Yoast SEO Premium plugin v24.8 (Yoast SEO v26.4) - https:\/\/yoast.com\/wordpress\/plugins\/seo\/ -->\n<title>Bolso HIMITSU BAKO - AQUA | The Sant<\/title>\n<meta name=\"description\" content=\"Descubre nuestro bolso artesanal y sostenible HIMITSU BAKO - AQUA. 100% cuero de ternera italiano, interior de lino y accesorios dorados.\" \/>\n<meta name=\"robots\" content=\"index, follow, max-snippet:-1, max-image-preview:large, max-video-preview:-1\" \/>\n<link rel=\"canonical\" href=\"https:\/\/thesant.com\/en\/product\/himitsu-bako\/\" \/>\n<meta property=\"og:locale\" content=\"en_US\" \/>\n<meta property=\"og:type\" content=\"article\" \/>\n<meta property=\"og:title\" content=\"HIMITSU BAKO - AQUA - The Sant\" \/>\n<meta property=\"og:description\" content=\"La versi\u00f3n peque\u00f1a de BAKO, este bolso minimalista refleja el esp\u00edritu de las tradicionales cajas secretas japonesas. El marco acolchado distintivo de THE SANT como cierre, juega con dos planos superpuestos para lograr un enfoque arquitect\u00f3nico. Con dos cierres magn\u00e9ticos, se puede llevar sobre el hombro con la cadena extra\u00edble o cruzado con la correa larga de cuero.  \u00bfCaben todos tus secretos en \u00e9l?\" \/>\n<meta property=\"og:url\" content=\"https:\/\/thesant.com\/en\/product\/himitsu-bako\/\" \/>\n<meta property=\"og:site_name\" content=\"The Sant\" \/>\n<meta property=\"article:publisher\" content=\"https:\/\/www.facebook.com\/thesantofficial\/\" \/>\n<meta property=\"article:modified_time\" content=\"2025-07-01T18:50:07+00:00\" \/>\n<meta property=\"og:image\" content=\"https:\/\/thesant.com\/wp-content\/uploads\/2024\/07\/HimitsuBako_aqua_front2-.webp\" \/>\n\t<meta property=\"og:image:width\" content=\"1444\" \/>\n\t<meta property=\"og:image:height\" content=\"1080\" \/>\n\t<meta property=\"og:image:type\" content=\"image\/webp\" \/>\n<meta name=\"twitter:card\" content=\"summary_large_image\" \/>\n<meta name=\"twitter:label1\" content=\"Price\" \/>\n\t<meta name=\"twitter:data1\" content=\"&#036;262.44\" \/>\n\t<meta name=\"twitter:label2\" content=\"Availability\" \/>\n\t<meta name=\"twitter:data2\" content=\"In stock\" \/>\n<script type=\"application\/ld+json\" class=\"yoast-schema-graph\">{\"@context\":\"https:\/\/schema.org\",\"@graph\":[{\"@type\":\"WebPage\",\"@id\":\"https:\/\/thesant.com\/en\/product\/himitsu-bako\/\",\"url\":\"https:\/\/thesant.com\/en\/product\/himitsu-bako\/\",\"name\":\"Bolso HIMITSU BAKO - AQUA | The Sant\",\"isPartOf\":{\"@id\":\"https:\/\/thesant.com\/en\/#website\"},\"primaryImageOfPage\":{\"@id\":\"https:\/\/thesant.com\/en\/product\/himitsu-bako\/#primaryimage\"},\"image\":{\"@id\":\"https:\/\/thesant.com\/en\/product\/himitsu-bako\/#primaryimage\"},\"thumbnailUrl\":\"https:\/\/thesant.com\/wp-content\/uploads\/2024\/07\/HimitsuBako_aqua_front2-.webp\",\"datePublished\":\"2024-07-03T05:26:09+00:00\",\"dateModified\":\"2025-07-01T18:50:07+00:00\",\"description\":\"Descubre nuestro bolso artesanal y sostenible HIMITSU BAKO - AQUA. 100% cuero de ternera italiano, interior de lino y accesorios dorados.\",\"breadcrumb\":{\"@id\":\"https:\/\/thesant.com\/en\/product\/himitsu-bako\/#breadcrumb\"},\"inLanguage\":\"en-US\",\"potentialAction\":[{\"@type\":\"ReadAction\",\"target\":[\"https:\/\/thesant.com\/en\/product\/himitsu-bako\/\"]}]},{\"@type\":\"ImageObject\",\"inLanguage\":\"en-US\",\"@id\":\"https:\/\/thesant.com\/en\/product\/himitsu-bako\/#primaryimage\",\"url\":\"https:\/\/thesant.com\/wp-content\/uploads\/2024\/07\/HimitsuBako_aqua_front2-.webp\",\"contentUrl\":\"https:\/\/thesant.com\/wp-content\/uploads\/2024\/07\/HimitsuBako_aqua_front2-.webp\",\"width\":1444,\"height\":1080,\"caption\":\"HimitsuBako\"},{\"@type\":\"BreadcrumbList\",\"@id\":\"https:\/\/thesant.com\/en\/product\/himitsu-bako\/#breadcrumb\",\"itemListElement\":[{\"@type\":\"ListItem\",\"position\":1,\"name\":\"Portada\",\"item\":\"https:\/\/thesant.com\/en\/\"},{\"@type\":\"ListItem\",\"position\":2,\"name\":\"Shop\",\"item\":\"https:\/\/thesant.com\/en\/shop\/\"},{\"@type\":\"ListItem\",\"position\":3,\"name\":\"HIMITSU BAKO &#8211; AQUA\"}]},{\"@type\":\"WebSite\",\"@id\":\"https:\/\/thesant.com\/en\/#website\",\"url\":\"https:\/\/thesant.com\/en\/\",\"name\":\"The Sant\",\"description\":\"Bolsos artesanales exclusivos y sostenibles\",\"publisher\":{\"@id\":\"https:\/\/thesant.com\/en\/#organization\"},\"alternateName\":\"The Sant\",\"potentialAction\":[{\"@type\":\"SearchAction\",\"target\":{\"@type\":\"EntryPoint\",\"urlTemplate\":\"https:\/\/thesant.com\/en\/?s={search_term_string}\"},\"query-input\":{\"@type\":\"PropertyValueSpecification\",\"valueRequired\":true,\"valueName\":\"search_term_string\"}}],\"inLanguage\":\"en-US\"},{\"@type\":\"Organization\",\"@id\":\"https:\/\/thesant.com\/en\/#organization\",\"name\":\"The Sant\",\"alternateName\":\"The Sant bolsos\",\"url\":\"https:\/\/thesant.com\/en\/\",\"logo\":{\"@type\":\"ImageObject\",\"inLanguage\":\"en-US\",\"@id\":\"https:\/\/thesant.com\/en\/#\/schema\/logo\/image\/\",\"url\":\"https:\/\/thesant.com\/wp-content\/uploads\/2024\/05\/Logo-The-Sant-Seo.webp\",\"contentUrl\":\"https:\/\/thesant.com\/wp-content\/uploads\/2024\/05\/Logo-The-Sant-Seo.webp\",\"width\":1200,\"height\":630,\"caption\":\"The Sant\"},\"image\":{\"@id\":\"https:\/\/thesant.com\/en\/#\/schema\/logo\/image\/\"},\"sameAs\":[\"https:\/\/www.facebook.com\/thesantofficial\/\",\"https:\/\/www.instagram.com\/thesantofficial\/\",\"https:\/\/pin.it\/3wqbnb47O\"]}]}<\/script>\n<meta property=\"product:price:amount\" content=\"262.44\" \/>\n<meta property=\"product:price:currency\" content=\"USD\" \/>\n<meta property=\"og:availability\" content=\"instock\" \/>\n<meta property=\"product:availability\" content=\"instock\" \/>\n<meta property=\"product:retailer_item_id\" content=\"TS0506.16\" \/>\n<meta property=\"product:condition\" content=\"new\" \/>\n<!-- \/ Yoast SEO Premium plugin. -->","yoast_head_json":{"title":"Bolso HIMITSU BAKO - AQUA | The Sant","description":"Descubre nuestro bolso artesanal y sostenible HIMITSU BAKO - AQUA. 100% cuero de ternera italiano, interior de lino y accesorios dorados.","robots":{"index":"index","follow":"follow","max-snippet":"max-snippet:-1","max-image-preview":"max-image-preview:large","max-video-preview":"max-video-preview:-1"},"canonical":"https:\/\/thesant.com\/en\/product\/himitsu-bako\/","og_locale":"en_US","og_type":"article","og_title":"HIMITSU BAKO - AQUA - The Sant","og_description":"La versi\u00f3n peque\u00f1a de BAKO, este bolso minimalista refleja el esp\u00edritu de las tradicionales cajas secretas japonesas. El marco acolchado distintivo de THE SANT como cierre, juega con dos planos superpuestos para lograr un enfoque arquitect\u00f3nico. Con dos cierres magn\u00e9ticos, se puede llevar sobre el hombro con la cadena extra\u00edble o cruzado con la correa larga de cuero.  \u00bfCaben todos tus secretos en \u00e9l?","og_url":"https:\/\/thesant.com\/en\/product\/himitsu-bako\/","og_site_name":"The Sant","article_publisher":"https:\/\/www.facebook.com\/thesantofficial\/","article_modified_time":"2025-07-01T18:50:07+00:00","og_image":[{"width":1444,"height":1080,"url":"https:\/\/thesant.com\/wp-content\/uploads\/2024\/07\/HimitsuBako_aqua_front2-.webp","type":"image\/webp"}],"twitter_card":"summary_large_image","twitter_misc":{"Price":"&#36;262.44","Availability":"In stock"},"schema":{"@context":"https:\/\/schema.org","@graph":[{"@type":"WebPage","@id":"https:\/\/thesant.com\/en\/product\/himitsu-bako\/","url":"https:\/\/thesant.com\/en\/product\/himitsu-bako\/","name":"Bolso HIMITSU BAKO - AQUA | The Sant","isPartOf":{"@id":"https:\/\/thesant.com\/en\/#website"},"primaryImageOfPage":{"@id":"https:\/\/thesant.com\/en\/product\/himitsu-bako\/#primaryimage"},"image":{"@id":"https:\/\/thesant.com\/en\/product\/himitsu-bako\/#primaryimage"},"thumbnailUrl":"https:\/\/thesant.com\/wp-content\/uploads\/2024\/07\/HimitsuBako_aqua_front2-.webp","datePublished":"2024-07-03T05:26:09+00:00","dateModified":"2025-07-01T18:50:07+00:00","description":"Descubre nuestro bolso artesanal y sostenible HIMITSU BAKO - AQUA. 100% cuero de ternera italiano, interior de lino y accesorios dorados.","breadcrumb":{"@id":"https:\/\/thesant.com\/en\/product\/himitsu-bako\/#breadcrumb"},"inLanguage":"en-US","potentialAction":[{"@type":"ReadAction","target":["https:\/\/thesant.com\/en\/product\/himitsu-bako\/"]}]},{"@type":"ImageObject","inLanguage":"en-US","@id":"https:\/\/thesant.com\/en\/product\/himitsu-bako\/#primaryimage","url":"https:\/\/thesant.com\/wp-content\/uploads\/2024\/07\/HimitsuBako_aqua_front2-.webp","contentUrl":"https:\/\/thesant.com\/wp-content\/uploads\/2024\/07\/HimitsuBako_aqua_front2-.webp","width":1444,"height":1080,"caption":"HimitsuBako"},{"@type":"BreadcrumbList","@id":"https:\/\/thesant.com\/en\/product\/himitsu-bako\/#breadcrumb","itemListElement":[{"@type":"ListItem","position":1,"name":"Portada","item":"https:\/\/thesant.com\/en\/"},{"@type":"ListItem","position":2,"name":"Shop","item":"https:\/\/thesant.com\/en\/shop\/"},{"@type":"ListItem","position":3,"name":"HIMITSU BAKO &#8211; AQUA"}]},{"@type":"WebSite","@id":"https:\/\/thesant.com\/en\/#website","url":"https:\/\/thesant.com\/en\/","name":"The Sant","description":"Bolsos artesanales exclusivos y sostenibles","publisher":{"@id":"https:\/\/thesant.com\/en\/#organization"},"alternateName":"The Sant","potentialAction":[{"@type":"SearchAction","target":{"@type":"EntryPoint","urlTemplate":"https:\/\/thesant.com\/en\/?s={search_term_string}"},"query-input":{"@type":"PropertyValueSpecification","valueRequired":true,"valueName":"search_term_string"}}],"inLanguage":"en-US"},{"@type":"Organization","@id":"https:\/\/thesant.com\/en\/#organization","name":"The Sant","alternateName":"The Sant bolsos","url":"https:\/\/thesant.com\/en\/","logo":{"@type":"ImageObject","inLanguage":"en-US","@id":"https:\/\/thesant.com\/en\/#\/schema\/logo\/image\/","url":"https:\/\/thesant.com\/wp-content\/uploads\/2024\/05\/Logo-The-Sant-Seo.webp","contentUrl":"https:\/\/thesant.com\/wp-content\/uploads\/2024\/05\/Logo-The-Sant-Seo.webp","width":1200,"height":630,"caption":"The Sant"},"image":{"@id":"https:\/\/thesant.com\/en\/#\/schema\/logo\/image\/"},"sameAs":["https:\/\/www.facebook.com\/thesantofficial\/","https:\/\/www.instagram.com\/thesantofficial\/","https:\/\/pin.it\/3wqbnb47O"]}]},"product_price_amount":"262.44","product_price_currency":"USD","og_availability":"instock","product_availability":"instock","product_retailer_item_id":"TS0506.16","product_condition":"new"},"_links":{"self":[{"href":"https:\/\/thesant.com\/en\/wp-json\/wp\/v2\/product\/12749","targetHints":{"allow":["GET"]}}],"collection":[{"href":"https:\/\/thesant.com\/en\/wp-json\/wp\/v2\/product"}],"about":[{"href":"https:\/\/thesant.com\/en\/wp-json\/wp\/v2\/types\/product"}],"wp:featuredmedia":[{"embeddable":true,"href":"https:\/\/thesant.com\/en\/wp-json\/wp\/v2\/media\/12751"}],"wp:attachment":[{"href":"https:\/\/thesant.com\/en\/wp-json\/wp\/v2\/media?parent=12749"}],"wp:term":[{"taxonomy":"product_brand","embeddable":true,"href":"https:\/\/thesant.com\/en\/wp-json\/wp\/v2\/product_brand?post=12749"},{"taxonomy":"product_cat","embeddable":true,"href":"https:\/\/thesant.com\/en\/wp-json\/wp\/v2\/product_cat?post=12749"},{"taxonomy":"product_tag","embeddable":true,"href":"https:\/\/thesant.com\/en\/wp-json\/wp\/v2\/product_tag?post=12749"}],"curies":[{"name":"wp","href":"https:\/\/api.w.org\/{rel}","templated":true}]}}