{"id":12349,"date":"2020-06-11T11:02:53","date_gmt":"2020-06-11T09:02:53","guid":{"rendered":"https:\/\/thesant.com\/nosotros\/"},"modified":"2025-04-16T13:05:39","modified_gmt":"2025-04-16T11:05:39","slug":"about-us","status":"publish","type":"page","link":"https:\/\/thesant.com\/en\/about-us\/","title":{"rendered":"About us"},"content":{"rendered":"","protected":false},"excerpt":{"rendered":"","protected":false},"author":1,"featured_media":0,"parent":0,"menu_order":0,"comment_status":"open","ping_status":"closed","template":"","meta":{"footnotes":""},"class_list":["post-12349","page","type-page","status-publish","hentry"],"yoast_head":"<!-- This site is optimized with the Yoast SEO Premium plugin v24.8 (Yoast SEO v26.4) - https:\/\/yoast.com\/wordpress\/plugins\/seo\/ -->\n<title>About us | The Sant<\/title>\n<meta name=\"description\" content=\"La directora creativa, Laura Riera, fund\u00f3 THE SANT en 2018 en Barcelona, Espa\u00f1a. Los dise\u00f1os est\u00e1n inspirados en el dominio de la geometr\u00eda y el minimalismo a trav\u00e9s de la influencia de diferentes movimientos art\u00edsticos, especialmente la escuela Bauhaus. La dise\u00f1adora estudia el contraste entre tradici\u00f3n y vanguardia y encuentra el equilibrio a trav\u00e9s de l\u00edneas puras, siendo \u00e9stas un pilar esencial de la est\u00e9tica del dise\u00f1o. THE SANT trabaja con artesanos en el sur de Espa\u00f1a, donde maestros artesanos transforman piel de alta calidad en bolsos celebrados y funcionales, buscando el equilibrio de la perfecci\u00f3n.\" \/>\n<meta name=\"robots\" content=\"index, follow, max-snippet:-1, max-image-preview:large, max-video-preview:-1\" \/>\n<link rel=\"canonical\" href=\"https:\/\/thesant.com\/en\/about-us\/\" \/>\n<meta property=\"og:locale\" content=\"en_US\" \/>\n<meta property=\"og:type\" content=\"article\" \/>\n<meta property=\"og:title\" content=\"About us - The Sant\" \/>\n<meta property=\"og:url\" content=\"https:\/\/thesant.com\/en\/about-us\/\" \/>\n<meta property=\"og:site_name\" content=\"The Sant\" \/>\n<meta property=\"article:publisher\" content=\"https:\/\/www.facebook.com\/thesantofficial\/\" \/>\n<meta property=\"article:modified_time\" content=\"2025-04-16T11:05:39+00:00\" \/>\n<meta name=\"twitter:card\" content=\"summary_large_image\" \/>\n<script type=\"application\/ld+json\" class=\"yoast-schema-graph\">{\"@context\":\"https:\/\/schema.org\",\"@graph\":[{\"@type\":\"WebPage\",\"@id\":\"https:\/\/thesant.com\/en\/about-us\/\",\"url\":\"https:\/\/thesant.com\/en\/about-us\/\",\"name\":\"About us | The Sant\",\"isPartOf\":{\"@id\":\"https:\/\/thesant.com\/en\/#website\"},\"datePublished\":\"2020-06-11T09:02:53+00:00\",\"dateModified\":\"2025-04-16T11:05:39+00:00\",\"description\":\"La directora creativa, Laura Riera, fund\u00f3 THE SANT en 2018 en Barcelona, Espa\u00f1a. Los dise\u00f1os est\u00e1n inspirados en el dominio de la geometr\u00eda y el minimalismo a trav\u00e9s de la influencia de diferentes movimientos art\u00edsticos, especialmente la escuela Bauhaus. La dise\u00f1adora estudia el contraste entre tradici\u00f3n y vanguardia y encuentra el equilibrio a trav\u00e9s de l\u00edneas puras, siendo \u00e9stas un pilar esencial de la est\u00e9tica del dise\u00f1o. THE SANT trabaja con artesanos en el sur de Espa\u00f1a, donde maestros artesanos transforman piel de alta calidad en bolsos celebrados y funcionales, buscando el equilibrio de la perfecci\u00f3n.\",\"breadcrumb\":{\"@id\":\"https:\/\/thesant.com\/en\/about-us\/#breadcrumb\"},\"inLanguage\":\"en-US\",\"potentialAction\":[{\"@type\":\"ReadAction\",\"target\":[\"https:\/\/thesant.com\/en\/about-us\/\"]}]},{\"@type\":\"BreadcrumbList\",\"@id\":\"https:\/\/thesant.com\/en\/about-us\/#breadcrumb\",\"itemListElement\":[{\"@type\":\"ListItem\",\"position\":1,\"name\":\"Portada\",\"item\":\"https:\/\/thesant.com\/en\/\"},{\"@type\":\"ListItem\",\"position\":2,\"name\":\"About us\"}]},{\"@type\":\"WebSite\",\"@id\":\"https:\/\/thesant.com\/en\/#website\",\"url\":\"https:\/\/thesant.com\/en\/\",\"name\":\"The Sant\",\"description\":\"Bolsos artesanales exclusivos y sostenibles\",\"publisher\":{\"@id\":\"https:\/\/thesant.com\/en\/#organization\"},\"alternateName\":\"The Sant\",\"potentialAction\":[{\"@type\":\"SearchAction\",\"target\":{\"@type\":\"EntryPoint\",\"urlTemplate\":\"https:\/\/thesant.com\/en\/?s={search_term_string}\"},\"query-input\":{\"@type\":\"PropertyValueSpecification\",\"valueRequired\":true,\"valueName\":\"search_term_string\"}}],\"inLanguage\":\"en-US\"},{\"@type\":\"Organization\",\"@id\":\"https:\/\/thesant.com\/en\/#organization\",\"name\":\"The Sant\",\"alternateName\":\"The Sant bolsos\",\"url\":\"https:\/\/thesant.com\/en\/\",\"logo\":{\"@type\":\"ImageObject\",\"inLanguage\":\"en-US\",\"@id\":\"https:\/\/thesant.com\/en\/#\/schema\/logo\/image\/\",\"url\":\"https:\/\/thesant.com\/wp-content\/uploads\/2024\/05\/Logo-The-Sant-Seo.webp\",\"contentUrl\":\"https:\/\/thesant.com\/wp-content\/uploads\/2024\/05\/Logo-The-Sant-Seo.webp\",\"width\":1200,\"height\":630,\"caption\":\"The Sant\"},\"image\":{\"@id\":\"https:\/\/thesant.com\/en\/#\/schema\/logo\/image\/\"},\"sameAs\":[\"https:\/\/www.facebook.com\/thesantofficial\/\",\"https:\/\/www.instagram.com\/thesantofficial\/\",\"https:\/\/pin.it\/3wqbnb47O\"]}]}<\/script>\n<!-- \/ Yoast SEO Premium plugin. -->","yoast_head_json":{"title":"About us | The Sant","description":"La directora creativa, Laura Riera, fund\u00f3 THE SANT en 2018 en Barcelona, Espa\u00f1a. Los dise\u00f1os est\u00e1n inspirados en el dominio de la geometr\u00eda y el minimalismo a trav\u00e9s de la influencia de diferentes movimientos art\u00edsticos, especialmente la escuela Bauhaus. La dise\u00f1adora estudia el contraste entre tradici\u00f3n y vanguardia y encuentra el equilibrio a trav\u00e9s de l\u00edneas puras, siendo \u00e9stas un pilar esencial de la est\u00e9tica del dise\u00f1o. THE SANT trabaja con artesanos en el sur de Espa\u00f1a, donde maestros artesanos transforman piel de alta calidad en bolsos celebrados y funcionales, buscando el equilibrio de la perfecci\u00f3n.","robots":{"index":"index","follow":"follow","max-snippet":"max-snippet:-1","max-image-preview":"max-image-preview:large","max-video-preview":"max-video-preview:-1"},"canonical":"https:\/\/thesant.com\/en\/about-us\/","og_locale":"en_US","og_type":"article","og_title":"About us - The Sant","og_url":"https:\/\/thesant.com\/en\/about-us\/","og_site_name":"The Sant","article_publisher":"https:\/\/www.facebook.com\/thesantofficial\/","article_modified_time":"2025-04-16T11:05:39+00:00","twitter_card":"summary_large_image","schema":{"@context":"https:\/\/schema.org","@graph":[{"@type":"WebPage","@id":"https:\/\/thesant.com\/en\/about-us\/","url":"https:\/\/thesant.com\/en\/about-us\/","name":"About us | The Sant","isPartOf":{"@id":"https:\/\/thesant.com\/en\/#website"},"datePublished":"2020-06-11T09:02:53+00:00","dateModified":"2025-04-16T11:05:39+00:00","description":"La directora creativa, Laura Riera, fund\u00f3 THE SANT en 2018 en Barcelona, Espa\u00f1a. Los dise\u00f1os est\u00e1n inspirados en el dominio de la geometr\u00eda y el minimalismo a trav\u00e9s de la influencia de diferentes movimientos art\u00edsticos, especialmente la escuela Bauhaus. La dise\u00f1adora estudia el contraste entre tradici\u00f3n y vanguardia y encuentra el equilibrio a trav\u00e9s de l\u00edneas puras, siendo \u00e9stas un pilar esencial de la est\u00e9tica del dise\u00f1o. THE SANT trabaja con artesanos en el sur de Espa\u00f1a, donde maestros artesanos transforman piel de alta calidad en bolsos celebrados y funcionales, buscando el equilibrio de la perfecci\u00f3n.","breadcrumb":{"@id":"https:\/\/thesant.com\/en\/about-us\/#breadcrumb"},"inLanguage":"en-US","potentialAction":[{"@type":"ReadAction","target":["https:\/\/thesant.com\/en\/about-us\/"]}]},{"@type":"BreadcrumbList","@id":"https:\/\/thesant.com\/en\/about-us\/#breadcrumb","itemListElement":[{"@type":"ListItem","position":1,"name":"Portada","item":"https:\/\/thesant.com\/en\/"},{"@type":"ListItem","position":2,"name":"About us"}]},{"@type":"WebSite","@id":"https:\/\/thesant.com\/en\/#website","url":"https:\/\/thesant.com\/en\/","name":"The Sant","description":"Bolsos artesanales exclusivos y sostenibles","publisher":{"@id":"https:\/\/thesant.com\/en\/#organization"},"alternateName":"The Sant","potentialAction":[{"@type":"SearchAction","target":{"@type":"EntryPoint","urlTemplate":"https:\/\/thesant.com\/en\/?s={search_term_string}"},"query-input":{"@type":"PropertyValueSpecification","valueRequired":true,"valueName":"search_term_string"}}],"inLanguage":"en-US"},{"@type":"Organization","@id":"https:\/\/thesant.com\/en\/#organization","name":"The Sant","alternateName":"The Sant bolsos","url":"https:\/\/thesant.com\/en\/","logo":{"@type":"ImageObject","inLanguage":"en-US","@id":"https:\/\/thesant.com\/en\/#\/schema\/logo\/image\/","url":"https:\/\/thesant.com\/wp-content\/uploads\/2024\/05\/Logo-The-Sant-Seo.webp","contentUrl":"https:\/\/thesant.com\/wp-content\/uploads\/2024\/05\/Logo-The-Sant-Seo.webp","width":1200,"height":630,"caption":"The Sant"},"image":{"@id":"https:\/\/thesant.com\/en\/#\/schema\/logo\/image\/"},"sameAs":["https:\/\/www.facebook.com\/thesantofficial\/","https:\/\/www.instagram.com\/thesantofficial\/","https:\/\/pin.it\/3wqbnb47O"]}]}},"_links":{"self":[{"href":"https:\/\/thesant.com\/en\/wp-json\/wp\/v2\/pages\/12349","targetHints":{"allow":["GET"]}}],"collection":[{"href":"https:\/\/thesant.com\/en\/wp-json\/wp\/v2\/pages"}],"about":[{"href":"https:\/\/thesant.com\/en\/wp-json\/wp\/v2\/types\/page"}],"author":[{"embeddable":true,"href":"https:\/\/thesant.com\/en\/wp-json\/wp\/v2\/users\/1"}],"replies":[{"embeddable":true,"href":"https:\/\/thesant.com\/en\/wp-json\/wp\/v2\/comments?post=12349"}],"version-history":[{"count":1,"href":"https:\/\/thesant.com\/en\/wp-json\/wp\/v2\/pages\/12349\/revisions"}],"predecessor-version":[{"id":13001,"href":"https:\/\/thesant.com\/en\/wp-json\/wp\/v2\/pages\/12349\/revisions\/13001"}],"wp:attachment":[{"href":"https:\/\/thesant.com\/en\/wp-json\/wp\/v2\/media?parent=12349"}],"curies":[{"name":"wp","href":"https:\/\/api.w.org\/{rel}","templated":true}]}}